{"id":7086,"date":"2014-04-01T10:23:58","date_gmt":"2014-04-01T09:23:58","guid":{"rendered":"http:\/\/proportiodivina.nl\/?post_type=viba_portfolio&#038;p=7086"},"modified":"2020-12-26T12:33:24","modified_gmt":"2020-12-26T11:33:24","slug":"vilmos-huszar-1884-1960","status":"publish","type":"product","link":"https:\/\/proportiodivina.nl\/en\/product\/vilmos-huszar-1884-1960\/","title":{"rendered":"Vilmos Husz\u00e1r (1884-1960)"},"content":{"rendered":"<p><em><strong>Heather in a copper vase<\/strong><\/em><\/p>\n<p>Oil on canvas, 58 x 48\u00bd cm, signed upper left and dated 1910.<br \/>\nHungarian born painter Vilmos Husz\u00e1r (Budapest 1884-1960 Hierden (The Netherlands), decorative artist, typographer and writer, active in the Netherlands. He studied at the Academy of Applied Arts in Budapest from 1901 to 1903, and then at the academy in Munich (1904). For a short period he was a member of the artists\u2019 colonies of Tecs\u00f6 and Nagyb\u00e1nya in Hungary, before moving to The Hague in 1906 as a portrait painter to the local aristocracy. Husz\u00e1r\u2019s interest in the work of van Gogh and in modern developments in Paris and London gradually led him from portraits and landscapes in bright colours, such as Reclining Female (1913; Otterlo, Kr\u00f6ller-M\u00fcller), to an abstract style in painting and stained glass influenced by Cubism and Futurism. He met other influential artists including Piet Mondrian and Theo van Doesburg, both central figures in establishing the De Stijl movement with Vilmos in 1917. Vilmos also co-founded the De Stijl magazine and designed the cover for the first issue.<\/p>\n\n<div class=\"wpcf7 no-js\" id=\"wpcf7-f12381-o1\" lang=\"en-US\" dir=\"ltr\" data-wpcf7-id=\"12381\">\n<div class=\"screen-reader-response\"><p role=\"status\" aria-live=\"polite\" aria-atomic=\"true\"><\/p> <ul><\/ul><\/div>\n<form action=\"\/en\/wp-json\/wp\/v2\/product\/7086#wpcf7-f12381-o1\" method=\"post\" class=\"wpcf7-form init\" aria-label=\"Contact form\" novalidate=\"novalidate\" data-status=\"init\">\n<fieldset class=\"hidden-fields-container\"><input type=\"hidden\" name=\"_wpcf7\" value=\"12381\" \/><input type=\"hidden\" name=\"_wpcf7_version\" value=\"6.1.5\" \/><input type=\"hidden\" name=\"_wpcf7_locale\" value=\"en_US\" \/><input type=\"hidden\" name=\"_wpcf7_unit_tag\" value=\"wpcf7-f12381-o1\" \/><input type=\"hidden\" name=\"_wpcf7_container_post\" value=\"0\" \/><input type=\"hidden\" name=\"_wpcf7_posted_data_hash\" value=\"\" \/><input type=\"hidden\" name=\"_wpcf7_recaptcha_response\" value=\"\" \/>\n<\/fieldset>\n<h4>Request a price:\n<\/h4>\n<p>Name\n<\/p>\n<p><span class=\"wpcf7-form-control-wrap\" data-name=\"your-name\"><input size=\"40\" maxlength=\"400\" class=\"wpcf7-form-control wpcf7-text wpcf7-validates-as-required\" aria-required=\"true\" aria-invalid=\"false\" value=\"\" type=\"text\" name=\"your-name\" \/><\/span>\n<\/p>\n<p>Email address\n<\/p>\n<p><span class=\"wpcf7-form-control-wrap\" data-name=\"your-email\"><input size=\"40\" maxlength=\"400\" class=\"wpcf7-form-control wpcf7-email wpcf7-validates-as-required wpcf7-text wpcf7-validates-as-email\" aria-required=\"true\" aria-invalid=\"false\" value=\"\" type=\"email\" name=\"your-email\" \/><\/span>\n<\/p>\n<p>Message\n<\/p>\n<p><span class=\"wpcf7-form-control-wrap\" data-name=\"your-message\"><input size=\"40\" maxlength=\"400\" class=\"wpcf7-form-control wpcf7-text wpcf7-validates-as-required\" aria-required=\"true\" aria-invalid=\"false\" value=\"\" type=\"text\" name=\"your-message\" \/><\/span>\n<\/p>\n<p><input class=\"wpcf7-form-control wpcf7-submit has-spinner\" type=\"submit\" value=\"Request price\" \/>\n<\/p><div class=\"fusion-alert alert custom alert-custom fusion-alert-center wpcf7-response-output fusion-alert-capitalize awb-alert-native-link-color alert-dismissable awb-alert-close-boxed\" style=\"--awb-border-top-left-radius:0px;--awb-border-top-right-radius:0px;--awb-border-bottom-left-radius:0px;--awb-border-bottom-right-radius:0px;\" role=\"alert\"><div class=\"fusion-alert-content-wrapper\"><span class=\"fusion-alert-content\"><\/span><\/div><button type=\"button\" class=\"close toggle-alert\" data-dismiss=\"alert\" aria-label=\"Close\">&times;<\/button><\/div>\n<\/form>\n<\/div>\n\n","protected":false},"excerpt":{"rendered":"<p><em><strong>Heather in a copper vase<\/strong><\/em><\/p>\n<p>Oil on canvas, 58 x 48\u00bd cm, signed upper left and dated 1910<\/p>\n","protected":false},"featured_media":11683,"template":"","meta":[],"product_brand":[],"product_cat":[1345],"product_tag":[],"class_list":{"0":"post-7086","1":"product","2":"type-product","3":"status-publish","4":"has-post-thumbnail","6":"product_cat-paintings","8":"first","9":"instock","10":"sold-individually","11":"shipping-taxable","12":"product-type-simple"},"yoast_head":"<!-- This site is optimized with the Yoast SEO Premium plugin v27.3 (Yoast SEO v27.3) - https:\/\/yoast.com\/product\/yoast-seo-premium-wordpress\/ -->\n<title>Vilmos Husz\u00e1r heather in a copper vase oil on canvas 1910<\/title>\n<meta name=\"robots\" content=\"index, follow, max-snippet:-1, max-image-preview:large, max-video-preview:-1\" \/>\n<link rel=\"canonical\" href=\"https:\/\/proportiodivina.nl\/en\/product\/vilmos-huszar-1884-1960\/\" \/>\n<meta property=\"og:locale\" content=\"en_US\" \/>\n<meta property=\"og:type\" content=\"article\" \/>\n<meta property=\"og:title\" content=\"Vilmos Husz\u00e1r (1884-1960)\" \/>\n<meta property=\"og:description\" content=\"Heather in a copper vase  Oil on canvas, 58 x 48\u00bd cm, signed upper left and dated 1910\" \/>\n<meta property=\"og:url\" content=\"https:\/\/proportiodivina.nl\/en\/product\/vilmos-huszar-1884-1960\/\" \/>\n<meta property=\"og:site_name\" content=\"Kunsthandel Proportio Divina\" \/>\n<meta property=\"article:publisher\" content=\"https:\/\/www.facebook.com\/proportiodivina\/\" \/>\n<meta property=\"article:modified_time\" content=\"2020-12-26T11:33:24+00:00\" \/>\n<meta property=\"og:image\" content=\"https:\/\/proportiodivina.nl\/wp-content\/uploads\/2015\/09\/Vilmos-Husz\u00e1r-1910-oil-on-canvas-heather-in-a-copper-vase.jpg\" \/>\n\t<meta property=\"og:image:width\" content=\"1280\" \/>\n\t<meta property=\"og:image:height\" content=\"1546\" \/>\n\t<meta property=\"og:image:type\" content=\"image\/jpeg\" \/>\n<meta name=\"twitter:card\" content=\"summary_large_image\" \/>\n<meta name=\"twitter:label1\" content=\"Est. reading time\" \/>\n\t<meta name=\"twitter:data1\" content=\"1 minute\" \/>\n<script type=\"application\/ld+json\" class=\"yoast-schema-graph\">{\"@context\":\"https:\\\/\\\/schema.org\",\"@graph\":[{\"@type\":\"WebPage\",\"@id\":\"https:\\\/\\\/proportiodivina.nl\\\/en\\\/product\\\/vilmos-huszar-1884-1960\\\/\",\"url\":\"https:\\\/\\\/proportiodivina.nl\\\/en\\\/product\\\/vilmos-huszar-1884-1960\\\/\",\"name\":\"Vilmos Husz\u00e1r heather in a copper vase oil on canvas 1910\",\"isPartOf\":{\"@id\":\"https:\\\/\\\/proportiodivina.nl\\\/en\\\/#website\"},\"primaryImageOfPage\":{\"@id\":\"https:\\\/\\\/proportiodivina.nl\\\/en\\\/product\\\/vilmos-huszar-1884-1960\\\/#primaryimage\"},\"image\":{\"@id\":\"https:\\\/\\\/proportiodivina.nl\\\/en\\\/product\\\/vilmos-huszar-1884-1960\\\/#primaryimage\"},\"thumbnailUrl\":\"https:\\\/\\\/proportiodivina.nl\\\/wp-content\\\/uploads\\\/2015\\\/09\\\/Vilmos-Husz\u00e1r-1910-oil-on-canvas-heather-in-a-copper-vase.jpg\",\"datePublished\":\"2014-04-01T09:23:58+00:00\",\"dateModified\":\"2020-12-26T11:33:24+00:00\",\"breadcrumb\":{\"@id\":\"https:\\\/\\\/proportiodivina.nl\\\/en\\\/product\\\/vilmos-huszar-1884-1960\\\/#breadcrumb\"},\"inLanguage\":\"en-US\",\"potentialAction\":[{\"@type\":\"ReadAction\",\"target\":[\"https:\\\/\\\/proportiodivina.nl\\\/en\\\/product\\\/vilmos-huszar-1884-1960\\\/\"]}]},{\"@type\":\"ImageObject\",\"inLanguage\":\"en-US\",\"@id\":\"https:\\\/\\\/proportiodivina.nl\\\/en\\\/product\\\/vilmos-huszar-1884-1960\\\/#primaryimage\",\"url\":\"https:\\\/\\\/proportiodivina.nl\\\/wp-content\\\/uploads\\\/2015\\\/09\\\/Vilmos-Husz\u00e1r-1910-oil-on-canvas-heather-in-a-copper-vase.jpg\",\"contentUrl\":\"https:\\\/\\\/proportiodivina.nl\\\/wp-content\\\/uploads\\\/2015\\\/09\\\/Vilmos-Husz\u00e1r-1910-oil-on-canvas-heather-in-a-copper-vase.jpg\",\"width\":1280,\"height\":1546,\"caption\":\"vilmos huszar schilderij olie op doek 1910 de stijl |proportio divina\"},{\"@type\":\"BreadcrumbList\",\"@id\":\"https:\\\/\\\/proportiodivina.nl\\\/en\\\/product\\\/vilmos-huszar-1884-1960\\\/#breadcrumb\",\"itemListElement\":[{\"@type\":\"ListItem\",\"position\":1,\"name\":\"Home\",\"item\":\"https:\\\/\\\/proportiodivina.nl\\\/en\\\/\"},{\"@type\":\"ListItem\",\"position\":2,\"name\":\"Shop\",\"item\":\"https:\\\/\\\/proportiodivina.nl\\\/en\\\/shop\\\/\"},{\"@type\":\"ListItem\",\"position\":3,\"name\":\"Vilmos Husz\u00e1r (1884-1960)\"}]},{\"@type\":\"WebSite\",\"@id\":\"https:\\\/\\\/proportiodivina.nl\\\/en\\\/#website\",\"url\":\"https:\\\/\\\/proportiodivina.nl\\\/en\\\/\",\"name\":\"Kunsthandel Proportio Divina\",\"description\":\"Kunsthandel gespecialiseerd in Nederlandse toegepaste kunst uit de Art Nouveau en Art deco periode: Rozenburg Den Haag, Sam Schellink\",\"publisher\":{\"@id\":\"https:\\\/\\\/proportiodivina.nl\\\/en\\\/#organization\"},\"potentialAction\":[{\"@type\":\"SearchAction\",\"target\":{\"@type\":\"EntryPoint\",\"urlTemplate\":\"https:\\\/\\\/proportiodivina.nl\\\/en\\\/?s={search_term_string}\"},\"query-input\":{\"@type\":\"PropertyValueSpecification\",\"valueRequired\":true,\"valueName\":\"search_term_string\"}}],\"inLanguage\":\"en-US\"},{\"@type\":\"Organization\",\"@id\":\"https:\\\/\\\/proportiodivina.nl\\\/en\\\/#organization\",\"name\":\"Proportio Divina\",\"url\":\"https:\\\/\\\/proportiodivina.nl\\\/en\\\/\",\"logo\":{\"@type\":\"ImageObject\",\"inLanguage\":\"en-US\",\"@id\":\"https:\\\/\\\/proportiodivina.nl\\\/en\\\/#\\\/schema\\\/logo\\\/image\\\/\",\"url\":\"https:\\\/\\\/proportiodivina.nl\\\/wp-content\\\/uploads\\\/2017\\\/08\\\/logo.proportio.divina-negatief-001-e1503231187775.jpg\",\"contentUrl\":\"https:\\\/\\\/proportiodivina.nl\\\/wp-content\\\/uploads\\\/2017\\\/08\\\/logo.proportio.divina-negatief-001-e1503231187775.jpg\",\"width\":100,\"height\":162,\"caption\":\"Proportio Divina\"},\"image\":{\"@id\":\"https:\\\/\\\/proportiodivina.nl\\\/en\\\/#\\\/schema\\\/logo\\\/image\\\/\"},\"sameAs\":[\"https:\\\/\\\/www.facebook.com\\\/proportiodivina\\\/\",\"https:\\\/\\\/www.youtube.com\\\/channel\\\/UCgNFli_FWukwgPf6B6RM4hQ\",\"https:\\\/\\\/vimeo.com\\\/proportiodivina\"]}]}<\/script>\n<!-- \/ Yoast SEO Premium plugin. -->","yoast_head_json":{"title":"Vilmos Husz\u00e1r heather in a copper vase oil on canvas 1910","robots":{"index":"index","follow":"follow","max-snippet":"max-snippet:-1","max-image-preview":"max-image-preview:large","max-video-preview":"max-video-preview:-1"},"canonical":"https:\/\/proportiodivina.nl\/en\/product\/vilmos-huszar-1884-1960\/","og_locale":"en_US","og_type":"article","og_title":"Vilmos Husz\u00e1r (1884-1960)","og_description":"Heather in a copper vase  Oil on canvas, 58 x 48\u00bd cm, signed upper left and dated 1910","og_url":"https:\/\/proportiodivina.nl\/en\/product\/vilmos-huszar-1884-1960\/","og_site_name":"Kunsthandel Proportio Divina","article_publisher":"https:\/\/www.facebook.com\/proportiodivina\/","article_modified_time":"2020-12-26T11:33:24+00:00","og_image":[{"width":1280,"height":1546,"url":"https:\/\/proportiodivina.nl\/wp-content\/uploads\/2015\/09\/Vilmos-Husz\u00e1r-1910-oil-on-canvas-heather-in-a-copper-vase.jpg","type":"image\/jpeg"}],"twitter_card":"summary_large_image","twitter_misc":{"Est. reading time":"1 minute"},"schema":{"@context":"https:\/\/schema.org","@graph":[{"@type":"WebPage","@id":"https:\/\/proportiodivina.nl\/en\/product\/vilmos-huszar-1884-1960\/","url":"https:\/\/proportiodivina.nl\/en\/product\/vilmos-huszar-1884-1960\/","name":"Vilmos Husz\u00e1r heather in a copper vase oil on canvas 1910","isPartOf":{"@id":"https:\/\/proportiodivina.nl\/en\/#website"},"primaryImageOfPage":{"@id":"https:\/\/proportiodivina.nl\/en\/product\/vilmos-huszar-1884-1960\/#primaryimage"},"image":{"@id":"https:\/\/proportiodivina.nl\/en\/product\/vilmos-huszar-1884-1960\/#primaryimage"},"thumbnailUrl":"https:\/\/proportiodivina.nl\/wp-content\/uploads\/2015\/09\/Vilmos-Husz\u00e1r-1910-oil-on-canvas-heather-in-a-copper-vase.jpg","datePublished":"2014-04-01T09:23:58+00:00","dateModified":"2020-12-26T11:33:24+00:00","breadcrumb":{"@id":"https:\/\/proportiodivina.nl\/en\/product\/vilmos-huszar-1884-1960\/#breadcrumb"},"inLanguage":"en-US","potentialAction":[{"@type":"ReadAction","target":["https:\/\/proportiodivina.nl\/en\/product\/vilmos-huszar-1884-1960\/"]}]},{"@type":"ImageObject","inLanguage":"en-US","@id":"https:\/\/proportiodivina.nl\/en\/product\/vilmos-huszar-1884-1960\/#primaryimage","url":"https:\/\/proportiodivina.nl\/wp-content\/uploads\/2015\/09\/Vilmos-Husz\u00e1r-1910-oil-on-canvas-heather-in-a-copper-vase.jpg","contentUrl":"https:\/\/proportiodivina.nl\/wp-content\/uploads\/2015\/09\/Vilmos-Husz\u00e1r-1910-oil-on-canvas-heather-in-a-copper-vase.jpg","width":1280,"height":1546,"caption":"vilmos huszar schilderij olie op doek 1910 de stijl |proportio divina"},{"@type":"BreadcrumbList","@id":"https:\/\/proportiodivina.nl\/en\/product\/vilmos-huszar-1884-1960\/#breadcrumb","itemListElement":[{"@type":"ListItem","position":1,"name":"Home","item":"https:\/\/proportiodivina.nl\/en\/"},{"@type":"ListItem","position":2,"name":"Shop","item":"https:\/\/proportiodivina.nl\/en\/shop\/"},{"@type":"ListItem","position":3,"name":"Vilmos Husz\u00e1r (1884-1960)"}]},{"@type":"WebSite","@id":"https:\/\/proportiodivina.nl\/en\/#website","url":"https:\/\/proportiodivina.nl\/en\/","name":"Kunsthandel Proportio Divina","description":"Kunsthandel gespecialiseerd in Nederlandse toegepaste kunst uit de Art Nouveau en Art deco periode: Rozenburg Den Haag, Sam Schellink","publisher":{"@id":"https:\/\/proportiodivina.nl\/en\/#organization"},"potentialAction":[{"@type":"SearchAction","target":{"@type":"EntryPoint","urlTemplate":"https:\/\/proportiodivina.nl\/en\/?s={search_term_string}"},"query-input":{"@type":"PropertyValueSpecification","valueRequired":true,"valueName":"search_term_string"}}],"inLanguage":"en-US"},{"@type":"Organization","@id":"https:\/\/proportiodivina.nl\/en\/#organization","name":"Proportio Divina","url":"https:\/\/proportiodivina.nl\/en\/","logo":{"@type":"ImageObject","inLanguage":"en-US","@id":"https:\/\/proportiodivina.nl\/en\/#\/schema\/logo\/image\/","url":"https:\/\/proportiodivina.nl\/wp-content\/uploads\/2017\/08\/logo.proportio.divina-negatief-001-e1503231187775.jpg","contentUrl":"https:\/\/proportiodivina.nl\/wp-content\/uploads\/2017\/08\/logo.proportio.divina-negatief-001-e1503231187775.jpg","width":100,"height":162,"caption":"Proportio Divina"},"image":{"@id":"https:\/\/proportiodivina.nl\/en\/#\/schema\/logo\/image\/"},"sameAs":["https:\/\/www.facebook.com\/proportiodivina\/","https:\/\/www.youtube.com\/channel\/UCgNFli_FWukwgPf6B6RM4hQ","https:\/\/vimeo.com\/proportiodivina"]}]}},"_links":{"self":[{"href":"https:\/\/proportiodivina.nl\/en\/wp-json\/wp\/v2\/product\/7086","targetHints":{"allow":["GET"]}}],"collection":[{"href":"https:\/\/proportiodivina.nl\/en\/wp-json\/wp\/v2\/product"}],"about":[{"href":"https:\/\/proportiodivina.nl\/en\/wp-json\/wp\/v2\/types\/product"}],"wp:featuredmedia":[{"embeddable":true,"href":"https:\/\/proportiodivina.nl\/en\/wp-json\/wp\/v2\/media\/11683"}],"wp:attachment":[{"href":"https:\/\/proportiodivina.nl\/en\/wp-json\/wp\/v2\/media?parent=7086"}],"wp:term":[{"taxonomy":"product_brand","embeddable":true,"href":"https:\/\/proportiodivina.nl\/en\/wp-json\/wp\/v2\/product_brand?post=7086"},{"taxonomy":"product_cat","embeddable":true,"href":"https:\/\/proportiodivina.nl\/en\/wp-json\/wp\/v2\/product_cat?post=7086"},{"taxonomy":"product_tag","embeddable":true,"href":"https:\/\/proportiodivina.nl\/en\/wp-json\/wp\/v2\/product_tag?post=7086"}],"curies":[{"name":"wp","href":"https:\/\/api.w.org\/{rel}","templated":true}]}}